{"id":3859,"date":"2025-09-04T14:34:25","date_gmt":"2025-09-04T06:34:25","guid":{"rendered":"https:\/\/www.sumecmetal.com\/?post_type=product&#038;p=3859"},"modified":"2025-09-18T15:57:59","modified_gmt":"2025-09-18T07:57:59","slug":"grain-oriented-electrical-steel","status":"publish","type":"product","link":"https:\/\/www.sumecmetal.com\/pt\/product\/grain-oriented-electrical-steel\/","title":{"rendered":"A\u00e7o el\u00e9trico de gr\u00e3o orientado"},"featured_media":3862,"parent":0,"template":"","meta":{"_acf_changed":false,"_seopress_robots_primary_cat":"none","_seopress_titles_title":"Grain-Oriented Electrical Steel","_seopress_titles_desc":"Grain-oriented silicon steel (GOES) is a soft magnetic material for high-efficiency power equipment.","_seopress_robots_index":""},"product-by-material-type":[117],"product-by-process-type":[],"product-by-shape-type":[],"class_list":["post-3859","product","type-product","status-publish","has-post-thumbnail","hentry","product-by-material-type-special-steel-products"],"acf":[],"_links":{"self":[{"href":"https:\/\/www.sumecmetal.com\/pt\/wp-json\/wp\/v2\/product\/3859","targetHints":{"allow":["GET"]}}],"collection":[{"href":"https:\/\/www.sumecmetal.com\/pt\/wp-json\/wp\/v2\/product"}],"about":[{"href":"https:\/\/www.sumecmetal.com\/pt\/wp-json\/wp\/v2\/types\/product"}],"version-history":[{"count":3,"href":"https:\/\/www.sumecmetal.com\/pt\/wp-json\/wp\/v2\/product\/3859\/revisions"}],"predecessor-version":[{"id":5729,"href":"https:\/\/www.sumecmetal.com\/pt\/wp-json\/wp\/v2\/product\/3859\/revisions\/5729"}],"wp:featuredmedia":[{"embeddable":true,"href":"https:\/\/www.sumecmetal.com\/pt\/wp-json\/wp\/v2\/media\/3862"}],"wp:attachment":[{"href":"https:\/\/www.sumecmetal.com\/pt\/wp-json\/wp\/v2\/media?parent=3859"}],"wp:term":[{"taxonomy":"product-by-material-type","embeddable":true,"href":"https:\/\/www.sumecmetal.com\/pt\/wp-json\/wp\/v2\/product-by-material-type?post=3859"},{"taxonomy":"product-by-process-type","embeddable":true,"href":"https:\/\/www.sumecmetal.com\/pt\/wp-json\/wp\/v2\/product-by-process-type?post=3859"},{"taxonomy":"product-by-shape-type","embeddable":true,"href":"https:\/\/www.sumecmetal.com\/pt\/wp-json\/wp\/v2\/product-by-shape-type?post=3859"}],"curies":[{"name":"wp","href":"https:\/\/api.w.org\/{rel}","templated":true}]}}